{"id":1017,"date":"2023-11-30T13:28:53","date_gmt":"2023-11-30T13:28:53","guid":{"rendered":"https:\/\/www.bnpro.ba\/?page_id=1017"},"modified":"2023-11-30T13:30:21","modified_gmt":"2023-11-30T13:30:21","slug":"etaziranje","status":"publish","type":"page","link":"https:\/\/www.bnpro.ba\/?page_id=1017","title":{"rendered":"Etaziranje"},"content":{"rendered":"\t\t<div data-elementor-type=\"wp-page\" data-elementor-id=\"1017\" class=\"elementor elementor-1017\">\n\t\t\t\t<div class=\"elementor-element elementor-element-1f0ad2a e-flex e-con-boxed e-con e-parent\" data-id=\"1f0ad2a\" data-element_type=\"container\" data-e-type=\"container\">\n\t\t\t\t\t<div class=\"e-con-inner\">\n\t\t\t\t<div class=\"elementor-element elementor-element-c712fc0 elementor-widget elementor-widget-heading\" data-id=\"c712fc0\" data-element_type=\"widget\" data-e-type=\"widget\" data-widget_type=\"heading.default\">\n\t\t\t\t<div class=\"elementor-widget-container\">\n\t\t\t\t\t<h2 class=\"elementor-heading-title elementor-size-default\">Eta\u017eiranje stambeno-poslovnih objekata i gara\u017ea<\/h2>\t\t\t\t<\/div>\n\t\t\t\t<\/div>\n\t\t\t\t\t<\/div>\n\t\t\t\t<\/div>\n\t\t<div class=\"elementor-element elementor-element-0abca7a e-flex e-con-boxed e-con e-parent\" data-id=\"0abca7a\" data-element_type=\"container\" data-e-type=\"container\">\n\t\t\t\t\t<div class=\"e-con-inner\">\n\t\t\t\t<div class=\"elementor-element elementor-element-ca1c8eb elementor-widget elementor-widget-text-editor\" data-id=\"ca1c8eb\" data-element_type=\"widget\" data-e-type=\"widget\" data-widget_type=\"text-editor.default\">\n\t\t\t\t<div class=\"elementor-widget-container\">\n\t\t\t\t\t\t\t\t\t<p class=\"MsoNormal\">Eta\u017eiranje je postupak kojim se uspostavlja vlasni\u0161tvo nad ta\u010dno odre\u0111enim dijelom zgrade, tj. nad stanom ili poslovnim prostorom i njima pripadaju\u0107im dijelovima. Cilj eta\u017eiranja je da se uspostavljeno vlasni\u0161tvo upi\u0161e u zemlji\u0161nu knjigu\/grunt.<\/p><p class=\"MsoNormal\">BNpro nudi usluge eta\u017eiranja stanova, poslovnih prostora i gara\u017ea.<\/p>\t\t\t\t\t\t\t\t<\/div>\n\t\t\t\t<\/div>\n\t\t\t\t\t<\/div>\n\t\t\t\t<\/div>\n\t\t\t\t<\/div>\n\t\t","protected":false},"excerpt":{"rendered":"<p>Eta\u017eiranje stambeno-poslovnih objekata i gara\u017ea Eta\u017eiranje je postupak kojim se uspostavlja vlasni\u0161tvo nad ta\u010dno odre\u0111enim dijelom zgrade, tj. nad stanom ili poslovnim prostorom i njima pripadaju\u0107im dijelovima. Cilj eta\u017eiranja je da se uspostavljeno vlasni\u0161tvo upi\u0161e u zemlji\u0161nu knjigu\/grunt. BNpro nudi usluge eta\u017eiranja stanova, poslovnih prostora i gara\u017ea.<\/p>\n","protected":false},"author":1,"featured_media":0,"parent":0,"menu_order":0,"comment_status":"closed","ping_status":"closed","template":"","meta":{"footnotes":""},"class_list":["post-1017","page","type-page","status-publish","hentry"],"_links":{"self":[{"href":"https:\/\/www.bnpro.ba\/index.php?rest_route=\/wp\/v2\/pages\/1017","targetHints":{"allow":["GET"]}}],"collection":[{"href":"https:\/\/www.bnpro.ba\/index.php?rest_route=\/wp\/v2\/pages"}],"about":[{"href":"https:\/\/www.bnpro.ba\/index.php?rest_route=\/wp\/v2\/types\/page"}],"author":[{"embeddable":true,"href":"https:\/\/www.bnpro.ba\/index.php?rest_route=\/wp\/v2\/users\/1"}],"replies":[{"embeddable":true,"href":"https:\/\/www.bnpro.ba\/index.php?rest_route=%2Fwp%2Fv2%2Fcomments&post=1017"}],"version-history":[{"count":10,"href":"https:\/\/www.bnpro.ba\/index.php?rest_route=\/wp\/v2\/pages\/1017\/revisions"}],"predecessor-version":[{"id":1030,"href":"https:\/\/www.bnpro.ba\/index.php?rest_route=\/wp\/v2\/pages\/1017\/revisions\/1030"}],"wp:attachment":[{"href":"https:\/\/www.bnpro.ba\/index.php?rest_route=%2Fwp%2Fv2%2Fmedia&parent=1017"}],"curies":[{"name":"wp","href":"https:\/\/api.w.org\/{rel}","templated":true}]}}