{"id":1031,"date":"2023-11-30T13:32:54","date_gmt":"2023-11-30T13:32:54","guid":{"rendered":"https:\/\/www.bnpro.ba\/?page_id=1031"},"modified":"2023-12-07T12:25:17","modified_gmt":"2023-12-07T12:25:17","slug":"katastar","status":"publish","type":"page","link":"https:\/\/www.bnpro.ba\/?page_id=1031","title":{"rendered":"Katastar"},"content":{"rendered":"\t\t<div data-elementor-type=\"wp-page\" data-elementor-id=\"1031\" class=\"elementor elementor-1031\">\n\t\t\t\t<div class=\"elementor-element elementor-element-9988538 e-flex e-con-boxed e-con e-parent\" data-id=\"9988538\" data-element_type=\"container\" data-e-type=\"container\">\n\t\t\t\t\t<div class=\"e-con-inner\">\n\t\t\t\t<div class=\"elementor-element elementor-element-fb2bbc3 elementor-widget elementor-widget-heading\" data-id=\"fb2bbc3\" data-element_type=\"widget\" data-e-type=\"widget\" data-widget_type=\"heading.default\">\n\t\t\t\t<div class=\"elementor-widget-container\">\n\t\t\t\t\t<h2 class=\"elementor-heading-title elementor-size-default\">Katastar<\/h2>\t\t\t\t<\/div>\n\t\t\t\t<\/div>\n\t\t\t\t\t<\/div>\n\t\t\t\t<\/div>\n\t\t<div class=\"elementor-element elementor-element-8d2257a e-flex e-con-boxed e-con e-parent\" data-id=\"8d2257a\" data-element_type=\"container\" data-e-type=\"container\">\n\t\t\t\t\t<div class=\"e-con-inner\">\n\t\t\t\t<div class=\"elementor-element elementor-element-6981908 elementor-widget elementor-widget-text-editor\" data-id=\"6981908\" data-element_type=\"widget\" data-e-type=\"widget\" data-widget_type=\"text-editor.default\">\n\t\t\t\t<div class=\"elementor-widget-container\">\n\t\t\t\t\t\t\t\t\t<p>Katastar je javna evidencija koja sadr\u017ei podatke o nekretninama u okviru jedne dr\u017eave. Osnovna svrha katastra je evidentiranje, \u010duvanje i pru\u017eanje informacija o parcelama zemlji\u0161ta, gra\u0111evinama i drugim nekretninama. Podaci u katastru uklju\u010duju informacije o polo\u017eaju, povr\u0161ini, namjeni zemlji\u0161ta, posjednicima zemlji\u0161ta i drugim relevantnim detaljima.<\/p>\n<p>BNpro nudi sljede\u0107e usluge:<\/p>\n<ul>\n<li>Izrada a\u017eurnih geodetskih situacija za projektovanje, uplanjenje, legalizaciju objekata<\/li>\n<li>Iskol\u010denje parcela<\/li>\n<li>Izrada elaborata cijepanja parcela<\/li>\n<\/ul>\n<div><br><\/div>\n<div>\n<div>Pored toga, nudimo usluge geodetskog snimanja komunalnih ure\u0111aja i izradu geodetskih elaborata&nbsp;<span style=\"color: var( --e-global-color-text ); text-align: var(--text-align); font-size: 1rem;\">komunalnih ure\u0111aja u svrhu provo\u0111enja promjena u katastru komunalnih ure\u0111aja. Pod geodetskim s<\/span><span style=\"color: var( --e-global-color-text ); text-align: var(--text-align); font-size: 1rem;\">nimanjem komunalnih ure\u0111aja podrazumijeva se snimanje:<\/span><\/div>\n<ul>\n<li>Vodovodne mre\u017ee,<\/li>\n<li>Kanalizacione mre\u017ee,<\/li>\n<li>Elektroenergetske mre\u017ee,<\/li>\n<li>Gasovodne mre\u017ee,<\/li>\n<li>Telekomunikacione mre\u017ee,<\/li>\n<li>Toplovodne i parovodne mre\u017ee,<\/li>\n<li>Naftovodne mre\u017ee,<\/li>\n<li>Drena\u017ene mre\u017ee i<\/li>\n<li>Sonovodne mre\u017ee.<\/li>\n<\/ul>\n<div><br><\/div>\n<div><b>BNpro je firma koja je ovla\u0161tena od strane Federalne uprave za geodetske i imovinsko-pravne&nbsp;<span style=\"color: var( --e-global-color-text ); text-align: var(--text-align); font-size: 1rem;\">poslove za izradu geodetskih elaborata komunalnih ure\u0111aja, dobavljanje saglasnosti o zatrpavanju&nbsp;<\/span><span style=\"color: var( --e-global-color-text ); text-align: var(--text-align); font-size: 1rem;\">komunalnih ure\u0111aja i provo\u0111enje promjena u mjerodavnom katastru komunalnih ure\u0111aja.<\/span><\/b><\/div>\n<\/div>\t\t\t\t\t\t\t\t<\/div>\n\t\t\t\t<\/div>\n\t\t\t\t\t<\/div>\n\t\t\t\t<\/div>\n\t\t\t\t<\/div>\n\t\t","protected":false},"excerpt":{"rendered":"<p>Katastar Katastar je javna evidencija koja sadr\u017ei podatke o nekretninama u okviru jedne dr\u017eave. Osnovna svrha katastra je evidentiranje, \u010duvanje i pru\u017eanje informacija o parcelama zemlji\u0161ta, gra\u0111evinama i drugim nekretninama. Podaci u katastru uklju\u010duju informacije o polo\u017eaju, povr\u0161ini, namjeni zemlji\u0161ta, posjednicima zemlji\u0161ta i drugim relevantnim detaljima. BNpro nudi sljede\u0107e usluge: Izrada a\u017eurnih geodetskih situacija za [&hellip;]<\/p>\n","protected":false},"author":1,"featured_media":0,"parent":0,"menu_order":0,"comment_status":"closed","ping_status":"closed","template":"","meta":{"footnotes":""},"class_list":["post-1031","page","type-page","status-publish","hentry"],"_links":{"self":[{"href":"https:\/\/www.bnpro.ba\/index.php?rest_route=\/wp\/v2\/pages\/1031","targetHints":{"allow":["GET"]}}],"collection":[{"href":"https:\/\/www.bnpro.ba\/index.php?rest_route=\/wp\/v2\/pages"}],"about":[{"href":"https:\/\/www.bnpro.ba\/index.php?rest_route=\/wp\/v2\/types\/page"}],"author":[{"embeddable":true,"href":"https:\/\/www.bnpro.ba\/index.php?rest_route=\/wp\/v2\/users\/1"}],"replies":[{"embeddable":true,"href":"https:\/\/www.bnpro.ba\/index.php?rest_route=%2Fwp%2Fv2%2Fcomments&post=1031"}],"version-history":[{"count":13,"href":"https:\/\/www.bnpro.ba\/index.php?rest_route=\/wp\/v2\/pages\/1031\/revisions"}],"predecessor-version":[{"id":1308,"href":"https:\/\/www.bnpro.ba\/index.php?rest_route=\/wp\/v2\/pages\/1031\/revisions\/1308"}],"wp:attachment":[{"href":"https:\/\/www.bnpro.ba\/index.php?rest_route=%2Fwp%2Fv2%2Fmedia&parent=1031"}],"curies":[{"name":"wp","href":"https:\/\/api.w.org\/{rel}","templated":true}]}}