{"id":1429,"date":"2023-12-12T08:19:00","date_gmt":"2023-12-12T08:19:00","guid":{"rendered":"https:\/\/www.bnpro.ba\/?page_id=1429"},"modified":"2023-12-12T12:20:49","modified_gmt":"2023-12-12T12:20:49","slug":"karte","status":"publish","type":"page","link":"https:\/\/www.bnpro.ba\/?page_id=1429","title":{"rendered":"Karte"},"content":{"rendered":"\t\t<div data-elementor-type=\"wp-page\" data-elementor-id=\"1429\" class=\"elementor elementor-1429\">\n\t\t\t\t<div class=\"elementor-element elementor-element-a803e66 e-flex e-con-boxed e-con e-parent\" data-id=\"a803e66\" data-element_type=\"container\" data-e-type=\"container\">\n\t\t\t\t\t<div class=\"e-con-inner\">\n\t\t\t\t<div class=\"elementor-element elementor-element-e975ba8 elementor-widget elementor-widget-heading\" data-id=\"e975ba8\" data-element_type=\"widget\" data-e-type=\"widget\" data-widget_type=\"heading.default\">\n\t\t\t\t<div class=\"elementor-widget-container\">\n\t\t\t\t\t<h2 class=\"elementor-heading-title elementor-size-default\">Karte<\/h2>\t\t\t\t<\/div>\n\t\t\t\t<\/div>\n\t\t\t\t\t<\/div>\n\t\t\t\t<\/div>\n\t\t<div class=\"elementor-element elementor-element-3e70616 e-flex e-con-boxed e-con e-parent\" data-id=\"3e70616\" data-element_type=\"container\" data-e-type=\"container\">\n\t\t\t\t\t<div class=\"e-con-inner\">\n\t\t\t\t<div class=\"elementor-element elementor-element-303178d elementor-widget elementor-widget-text-editor\" data-id=\"303178d\" data-element_type=\"widget\" data-e-type=\"widget\" data-widget_type=\"text-editor.default\">\n\t\t\t\t<div class=\"elementor-widget-container\">\n\t\t\t\t\t\t\t\t\t<p>BNpro je stru\u010dnjak u izradi karata, pru\u017eaju\u0107i pa\u017eljivo izra\u0111ene i informativne proizvode. Bilo da trebate topografske karte za planinarenje, politi\u010dke karte za pra\u0107enje promjena, auto karte za sigurnu vo\u017enju ili neku drugu vrstu karata spremni smo da odgovorimo na va\u0161e zahtjeve.<br \/><br \/>Nudimo rezli\u010dite vrste karata:<br \/><br \/><b>\u2022 Topografske karte:<\/b><br \/>Topografske karte pru\u017eaju detaljan prikaz reljefa, naselja, voda i drugih zna\u010dajki odre\u0111enog podru\u010dja, nude\u0107i korisnicima sveobuhvatan uvid u geografske karakteristike.<br \/><br \/><b>\u2022 Polit\u010dke karte:<\/b><br \/>Polit\u010dke karte prate evoluciju politi\u010dkih granica, pru\u017eaju\u0107i pregled dr\u017eava, regija i teritorijalnih promjena kroz povijest.<br \/><br \/><b>\u2022 Fizi\u010dke karte:<\/b><br \/>Fizi\u010dke karte fokusiraju se na prirodne karakteristike, poput reljefa, rijeka i planina, pru\u017eaju\u0107i korisnicima dublje razumijevanje geografskih zna\u010dajki.<br \/><br \/><b>\u2022 Historijske karte:<\/b><br \/>Historijske karte prate klju\u010dne doga\u0111aje i promjene kroz povijest, vizualno prikazuju\u0107i evoluciju teritorija, ratova i migracija. <br \/><br \/><b>\u2022 Autokarte:<\/b><br \/>Autokarte pru\u017eaju jasan prikaz mre\u017ee saobra\u010dajnica, poma\u017eu\u0107i korisnicima u navigaciji i planiranju puta.<br \/><br \/><b>\u2022 Turisti\u010dke karte:<\/b><br \/>Turisti\u010dke karte su posebno dizajnirane za putnike, obuhva\u0107aju\u0107i atrakcije, smje\u0161taj, restorane i druge relevantne informacije.<br \/><br \/><b>\u2022 Ukrasne karte:<\/b><br \/>Ukrasne karte predstavljaju sofisticirane vizualne interpretacije geografskih podataka, spoj estetike i funkcionalnosti koje oboga\u0107uju prostor elegantnim i personaliziranim dekorativnim elementima.<br \/><br \/>Na\u0161e karte su rezultat pa\u017eljive izrade, prilago\u0111ene potrebama razli\u010ditih korisnika, bilo da istra\u017euju geografske zna\u010dajke, prate politi\u010dke promjene ili planiraju svoje putovanje.<\/p>\t\t\t\t\t\t\t\t<\/div>\n\t\t\t\t<\/div>\n\t\t\t\t\t<\/div>\n\t\t\t\t<\/div>\n\t\t<div class=\"elementor-element elementor-element-043c69f e-flex e-con-boxed e-con e-parent\" data-id=\"043c69f\" data-element_type=\"container\" data-e-type=\"container\">\n\t\t\t\t\t<div class=\"e-con-inner\">\n\t\t\t\t<div class=\"elementor-element elementor-element-f7b25fc elementor-arrows-position-inside elementor-pagination-position-outside elementor-widget elementor-widget-image-carousel\" data-id=\"f7b25fc\" data-element_type=\"widget\" data-e-type=\"widget\" data-settings=\"{&quot;image_spacing_custom&quot;:{&quot;unit&quot;:&quot;px&quot;,&quot;size&quot;:10,&quot;sizes&quot;:[]},&quot;navigation&quot;:&quot;both&quot;,&quot;autoplay&quot;:&quot;yes&quot;,&quot;pause_on_hover&quot;:&quot;yes&quot;,&quot;pause_on_interaction&quot;:&quot;yes&quot;,&quot;autoplay_speed&quot;:5000,&quot;infinite&quot;:&quot;yes&quot;,&quot;speed&quot;:500,&quot;image_spacing_custom_tablet&quot;:{&quot;unit&quot;:&quot;px&quot;,&quot;size&quot;:&quot;&quot;,&quot;sizes&quot;:[]},&quot;image_spacing_custom_mobile&quot;:{&quot;unit&quot;:&quot;px&quot;,&quot;size&quot;:&quot;&quot;,&quot;sizes&quot;:[]}}\" data-widget_type=\"image-carousel.default\">\n\t\t\t\t<div class=\"elementor-widget-container\">\n\t\t\t\t\t\t\t<div class=\"elementor-image-carousel-wrapper swiper\" role=\"region\" aria-roledescription=\"carousel\" aria-label=\"Vrtuljak slika\" dir=\"ltr\">\n\t\t\t<div class=\"elementor-image-carousel swiper-wrapper\" aria-live=\"off\">\n\t\t\t\t\t\t\t\t<div class=\"swiper-slide\" role=\"group\" aria-roledescription=\"slide\" aria-label=\"1 of 7\"><figure class=\"swiper-slide-inner\"><img decoding=\"async\" class=\"swiper-slide-image\" src=\"https:\/\/www.bnpro.ba\/wp-content\/uploads\/2023\/12\/k_4.jpg\" alt=\"k_4\" \/><\/figure><\/div><div class=\"swiper-slide\" role=\"group\" aria-roledescription=\"slide\" aria-label=\"2 of 7\"><figure class=\"swiper-slide-inner\"><img decoding=\"async\" class=\"swiper-slide-image\" src=\"https:\/\/www.bnpro.ba\/wp-content\/uploads\/2023\/12\/k_5.jpg\" alt=\"k_5\" \/><\/figure><\/div><div class=\"swiper-slide\" role=\"group\" aria-roledescription=\"slide\" aria-label=\"3 of 7\"><figure class=\"swiper-slide-inner\"><img decoding=\"async\" class=\"swiper-slide-image\" src=\"https:\/\/www.bnpro.ba\/wp-content\/uploads\/2023\/12\/k_6.jpg\" alt=\"k_6\" \/><\/figure><\/div><div class=\"swiper-slide\" role=\"group\" aria-roledescription=\"slide\" aria-label=\"4 of 7\"><figure class=\"swiper-slide-inner\"><img decoding=\"async\" class=\"swiper-slide-image\" src=\"https:\/\/www.bnpro.ba\/wp-content\/uploads\/2023\/12\/k_7.jpg\" alt=\"k_7\" \/><\/figure><\/div><div class=\"swiper-slide\" role=\"group\" aria-roledescription=\"slide\" aria-label=\"5 of 7\"><figure class=\"swiper-slide-inner\"><img decoding=\"async\" class=\"swiper-slide-image\" src=\"https:\/\/www.bnpro.ba\/wp-content\/uploads\/2023\/12\/k_1.jpg\" alt=\"k_1\" \/><\/figure><\/div><div class=\"swiper-slide\" role=\"group\" aria-roledescription=\"slide\" aria-label=\"6 of 7\"><figure class=\"swiper-slide-inner\"><img decoding=\"async\" class=\"swiper-slide-image\" src=\"https:\/\/www.bnpro.ba\/wp-content\/uploads\/2023\/12\/k_2.jpg\" alt=\"k_2\" \/><\/figure><\/div><div class=\"swiper-slide\" role=\"group\" aria-roledescription=\"slide\" aria-label=\"7 of 7\"><figure class=\"swiper-slide-inner\"><img decoding=\"async\" class=\"swiper-slide-image\" src=\"https:\/\/www.bnpro.ba\/wp-content\/uploads\/2023\/12\/k_3.jpg\" alt=\"k_3\" \/><\/figure><\/div>\t\t\t<\/div>\n\t\t\t\t\t\t\t\t\t\t\t\t<div class=\"elementor-swiper-button elementor-swiper-button-prev\" role=\"button\" tabindex=\"0\">\n\t\t\t\t\t\t<svg aria-hidden=\"true\" class=\"e-font-icon-svg e-eicon-chevron-left\" viewBox=\"0 0 1000 1000\" xmlns=\"http:\/\/www.w3.org\/2000\/svg\"><path d=\"M646 125C629 125 613 133 604 142L308 442C296 454 292 471 292 487 292 504 296 521 308 533L604 854C617 867 629 875 646 875 663 875 679 871 692 858 704 846 713 829 713 812 713 796 708 779 692 767L438 487 692 225C700 217 708 204 708 187 708 171 704 154 692 142 675 129 663 125 646 125Z\"><\/path><\/svg>\t\t\t\t\t<\/div>\n\t\t\t\t\t<div class=\"elementor-swiper-button elementor-swiper-button-next\" role=\"button\" tabindex=\"0\">\n\t\t\t\t\t\t<svg aria-hidden=\"true\" class=\"e-font-icon-svg e-eicon-chevron-right\" viewBox=\"0 0 1000 1000\" xmlns=\"http:\/\/www.w3.org\/2000\/svg\"><path d=\"M696 533C708 521 713 504 713 487 713 471 708 454 696 446L400 146C388 133 375 125 354 125 338 125 325 129 313 142 300 154 292 171 292 187 292 204 296 221 308 233L563 492 304 771C292 783 288 800 288 817 288 833 296 850 308 863 321 871 338 875 354 875 371 875 388 867 400 854L696 533Z\"><\/path><\/svg>\t\t\t\t\t<\/div>\n\t\t\t\t\n\t\t\t\t\t\t\t\t\t<div class=\"swiper-pagination\"><\/div>\n\t\t\t\t\t\t\t\t\t<\/div>\n\t\t\t\t\t\t<\/div>\n\t\t\t\t<\/div>\n\t\t\t\t\t<\/div>\n\t\t\t\t<\/div>\n\t\t\t\t<\/div>\n\t\t","protected":false},"excerpt":{"rendered":"<p>Karte BNpro je stru\u010dnjak u izradi karata, pru\u017eaju\u0107i pa\u017eljivo izra\u0111ene i informativne proizvode. Bilo da trebate topografske karte za planinarenje, politi\u010dke karte za pra\u0107enje promjena, auto karte za sigurnu vo\u017enju ili neku drugu vrstu karata spremni smo da odgovorimo na va\u0161e zahtjeve. Nudimo rezli\u010dite vrste karata: \u2022 Topografske karte:Topografske karte pru\u017eaju detaljan prikaz reljefa, naselja, [&hellip;]<\/p>\n","protected":false},"author":1,"featured_media":0,"parent":0,"menu_order":0,"comment_status":"closed","ping_status":"closed","template":"","meta":{"footnotes":""},"class_list":["post-1429","page","type-page","status-publish","hentry"],"_links":{"self":[{"href":"https:\/\/www.bnpro.ba\/index.php?rest_route=\/wp\/v2\/pages\/1429","targetHints":{"allow":["GET"]}}],"collection":[{"href":"https:\/\/www.bnpro.ba\/index.php?rest_route=\/wp\/v2\/pages"}],"about":[{"href":"https:\/\/www.bnpro.ba\/index.php?rest_route=\/wp\/v2\/types\/page"}],"author":[{"embeddable":true,"href":"https:\/\/www.bnpro.ba\/index.php?rest_route=\/wp\/v2\/users\/1"}],"replies":[{"embeddable":true,"href":"https:\/\/www.bnpro.ba\/index.php?rest_route=%2Fwp%2Fv2%2Fcomments&post=1429"}],"version-history":[{"count":7,"href":"https:\/\/www.bnpro.ba\/index.php?rest_route=\/wp\/v2\/pages\/1429\/revisions"}],"predecessor-version":[{"id":1457,"href":"https:\/\/www.bnpro.ba\/index.php?rest_route=\/wp\/v2\/pages\/1429\/revisions\/1457"}],"wp:attachment":[{"href":"https:\/\/www.bnpro.ba\/index.php?rest_route=%2Fwp%2Fv2%2Fmedia&parent=1429"}],"curies":[{"name":"wp","href":"https:\/\/api.w.org\/{rel}","templated":true}]}}