{"id":467,"date":"2023-11-09T12:19:46","date_gmt":"2023-11-09T12:19:46","guid":{"rendered":"https:\/\/www.bnpro.ba\/?page_id=467"},"modified":"2025-07-17T05:36:18","modified_gmt":"2025-07-17T05:36:18","slug":"trimble","status":"publish","type":"page","link":"https:\/\/www.bnpro.ba\/?page_id=467","title":{"rendered":"Trimble"},"content":{"rendered":"\t\t<div data-elementor-type=\"wp-page\" data-elementor-id=\"467\" class=\"elementor elementor-467\">\n\t\t\t\t<div class=\"elementor-element elementor-element-8b06942 e-flex e-con-boxed e-con e-parent\" data-id=\"8b06942\" data-element_type=\"container\" data-e-type=\"container\">\n\t\t\t\t\t<div class=\"e-con-inner\">\n\t\t\t\t<div class=\"elementor-element elementor-element-4bd0a2d elementor-widget elementor-widget-heading\" data-id=\"4bd0a2d\" data-element_type=\"widget\" data-e-type=\"widget\" data-widget_type=\"heading.default\">\n\t\t\t\t<div class=\"elementor-widget-container\">\n\t\t\t\t\t<h2 class=\"elementor-heading-title elementor-size-default\">Trimble Geospatial<\/h2>\t\t\t\t<\/div>\n\t\t\t\t<\/div>\n\t\t\t\t\t<\/div>\n\t\t\t\t<\/div>\n\t\t<div class=\"elementor-element elementor-element-8205f10 e-flex e-con-boxed e-con e-parent\" data-id=\"8205f10\" data-element_type=\"container\" data-e-type=\"container\">\n\t\t\t\t\t<div class=\"e-con-inner\">\n\t\t\t\t<div class=\"elementor-element elementor-element-bbd6594 elementor-widget elementor-widget-text-editor\" data-id=\"bbd6594\" data-element_type=\"widget\" data-e-type=\"widget\" data-widget_type=\"text-editor.default\">\n\t\t\t\t<div class=\"elementor-widget-container\">\n\t\t\t\t\t\t\t\t\t<p>Trimble je vode\u0107i svjetski pru\u017eatelj tehnolo\u0161kih rje\u0161enja za geoprostornu analizu i upravljanje podacima. Njihove inovativne platforme omogu\u0107uju korisnicima precizno prikupljanje, analizu i interpretaciju prostornih podataka kako bi donijeli informisane odluke. Bez obzira radi li se o geodetskim mjerenjima, kartografiji ili geografskim informacijskim sustavima, Trimble pru\u017ea pouzdane alate i opremu koji poti\u010du u\u010dinkovitost i ta\u010dnost u radu s prostornim informacijama.<\/p>\t\t\t\t\t\t\t\t<\/div>\n\t\t\t\t<\/div>\n\t\t\t\t\t<\/div>\n\t\t\t\t<\/div>\n\t\t<div class=\"elementor-element elementor-element-1462a5b e-con-full e-flex e-con e-parent\" data-id=\"1462a5b\" data-element_type=\"container\" data-e-type=\"container\">\n\t\t<div class=\"elementor-element elementor-element-377a054 e-con-full e-flex e-con e-child\" data-id=\"377a054\" data-element_type=\"container\" data-e-type=\"container\">\n\t\t<div class=\"elementor-element elementor-element-68d6cfa e-con-full e-flex e-con e-child\" data-id=\"68d6cfa\" data-element_type=\"container\" data-e-type=\"container\">\n\t\t\t\t<div class=\"elementor-element elementor-element-b6528fd elementor-position-top elementor-widget elementor-widget-image-box\" data-id=\"b6528fd\" data-element_type=\"widget\" data-e-type=\"widget\" data-widget_type=\"image-box.default\">\n\t\t\t\t<div class=\"elementor-widget-container\">\n\t\t\t\t\t<div class=\"elementor-image-box-wrapper\"><figure class=\"elementor-image-box-img\"><a href=\"https:\/\/www.bnpro.ba\/?page_id=498\" tabindex=\"-1\"><img fetchpriority=\"high\" decoding=\"async\" width=\"1500\" height=\"1500\" src=\"https:\/\/www.bnpro.ba\/wp-content\/uploads\/2023\/11\/Trimble_R12i_3043_CC.jpg\" class=\"elementor-animation-float attachment-full size-full wp-image-469\" alt=\"\" \/><\/a><\/figure><div class=\"elementor-image-box-content\"><h4 class=\"elementor-image-box-title\"><a href=\"https:\/\/www.bnpro.ba\/?page_id=498\">GNSS PRIJEMNICI<\/a><\/h4><\/div><\/div>\t\t\t\t<\/div>\n\t\t\t\t<\/div>\n\t\t\t\t<div class=\"elementor-element elementor-element-9aabb08 elementor-widget elementor-widget-button\" data-id=\"9aabb08\" data-element_type=\"widget\" data-e-type=\"widget\" data-widget_type=\"button.default\">\n\t\t\t\t<div class=\"elementor-widget-container\">\n\t\t\t\t\t\t\t\t\t<div class=\"elementor-button-wrapper\">\n\t\t\t\t\t<a class=\"elementor-button elementor-button-link elementor-size-sm\" href=\"https:\/\/www.bnpro.ba\/?page_id=498\">\n\t\t\t\t\t\t<span class=\"elementor-button-content-wrapper\">\n\t\t\t\t\t\t\t\t\t<span class=\"elementor-button-text\">Saznajte vi\u0161e<\/span>\n\t\t\t\t\t<\/span>\n\t\t\t\t\t<\/a>\n\t\t\t\t<\/div>\n\t\t\t\t\t\t\t\t<\/div>\n\t\t\t\t<\/div>\n\t\t\t\t<\/div>\n\t\t<div class=\"elementor-element elementor-element-23b72a1 e-con-full e-flex e-con e-child\" data-id=\"23b72a1\" data-element_type=\"container\" data-e-type=\"container\">\n\t\t\t\t<div class=\"elementor-element elementor-element-5acdbbc elementor-position-top elementor-widget elementor-widget-image-box\" data-id=\"5acdbbc\" data-element_type=\"widget\" data-e-type=\"widget\" data-widget_type=\"image-box.default\">\n\t\t\t\t<div class=\"elementor-widget-container\">\n\t\t\t\t\t<div class=\"elementor-image-box-wrapper\"><figure class=\"elementor-image-box-img\"><a href=\"https:\/\/www.bnpro.ba\/?page_id=633\" tabindex=\"-1\"><img decoding=\"async\" width=\"974\" height=\"974\" src=\"https:\/\/www.bnpro.ba\/wp-content\/uploads\/2023\/11\/large-15367.jpg\" class=\"elementor-animation-float attachment-full size-full wp-image-473\" alt=\"\" \/><\/a><\/figure><div class=\"elementor-image-box-content\"><h4 class=\"elementor-image-box-title\"><a href=\"https:\/\/www.bnpro.ba\/?page_id=633\">TOTALNE STANICE<\/a><\/h4><\/div><\/div>\t\t\t\t<\/div>\n\t\t\t\t<\/div>\n\t\t\t\t<div class=\"elementor-element elementor-element-437f387 elementor-widget elementor-widget-button\" data-id=\"437f387\" data-element_type=\"widget\" data-e-type=\"widget\" data-widget_type=\"button.default\">\n\t\t\t\t<div class=\"elementor-widget-container\">\n\t\t\t\t\t\t\t\t\t<div class=\"elementor-button-wrapper\">\n\t\t\t\t\t<a class=\"elementor-button elementor-button-link elementor-size-sm\" href=\"https:\/\/www.bnpro.ba\/?page_id=633\">\n\t\t\t\t\t\t<span class=\"elementor-button-content-wrapper\">\n\t\t\t\t\t\t\t\t\t<span class=\"elementor-button-text\">Saznajte vi\u0161e<\/span>\n\t\t\t\t\t<\/span>\n\t\t\t\t\t<\/a>\n\t\t\t\t<\/div>\n\t\t\t\t\t\t\t\t<\/div>\n\t\t\t\t<\/div>\n\t\t\t\t<\/div>\n\t\t<div class=\"elementor-element elementor-element-0d411e2 e-con-full e-flex e-con e-child\" data-id=\"0d411e2\" data-element_type=\"container\" data-e-type=\"container\">\n\t\t\t\t<div class=\"elementor-element elementor-element-1160b6b elementor-position-top elementor-widget elementor-widget-image-box\" data-id=\"1160b6b\" data-element_type=\"widget\" data-e-type=\"widget\" data-widget_type=\"image-box.default\">\n\t\t\t\t<div class=\"elementor-widget-container\">\n\t\t\t\t\t<div class=\"elementor-image-box-wrapper\"><figure class=\"elementor-image-box-img\"><a href=\"https:\/\/www.bnpro.ba\/?page_id=716\" tabindex=\"-1\"><img decoding=\"async\" width=\"1367\" height=\"1367\" src=\"https:\/\/www.bnpro.ba\/wp-content\/uploads\/2023\/11\/Trimble_X7_Studio_UC7831-2.jpg\" class=\"elementor-animation-float attachment-full size-full wp-image-478\" alt=\"\" \/><\/a><\/figure><div class=\"elementor-image-box-content\"><h4 class=\"elementor-image-box-title\"><a href=\"https:\/\/www.bnpro.ba\/?page_id=716\">LASERSKI SKENERI<\/a><\/h4><\/div><\/div>\t\t\t\t<\/div>\n\t\t\t\t<\/div>\n\t\t\t\t<div class=\"elementor-element elementor-element-1a6d760 elementor-widget elementor-widget-button\" data-id=\"1a6d760\" data-element_type=\"widget\" data-e-type=\"widget\" data-widget_type=\"button.default\">\n\t\t\t\t<div class=\"elementor-widget-container\">\n\t\t\t\t\t\t\t\t\t<div class=\"elementor-button-wrapper\">\n\t\t\t\t\t<a class=\"elementor-button elementor-button-link elementor-size-sm\" href=\"https:\/\/www.bnpro.ba\/?page_id=716\">\n\t\t\t\t\t\t<span class=\"elementor-button-content-wrapper\">\n\t\t\t\t\t\t\t\t\t<span class=\"elementor-button-text\">Saznajte vi\u0161e<\/span>\n\t\t\t\t\t<\/span>\n\t\t\t\t\t<\/a>\n\t\t\t\t<\/div>\n\t\t\t\t\t\t\t\t<\/div>\n\t\t\t\t<\/div>\n\t\t\t\t<\/div>\n\t\t<div class=\"elementor-element elementor-element-016f001 e-con-full e-flex e-con e-child\" data-id=\"016f001\" data-element_type=\"container\" data-e-type=\"container\">\n\t\t\t\t<div class=\"elementor-element elementor-element-257fe87 elementor-position-top elementor-widget elementor-widget-image-box\" data-id=\"257fe87\" data-element_type=\"widget\" data-e-type=\"widget\" data-widget_type=\"image-box.default\">\n\t\t\t\t<div class=\"elementor-widget-container\">\n\t\t\t\t\t<div class=\"elementor-image-box-wrapper\"><figure class=\"elementor-image-box-img\"><a href=\"https:\/\/www.bnpro.ba\/?page_id=770\" tabindex=\"-1\"><img loading=\"lazy\" decoding=\"async\" width=\"1415\" height=\"1415\" src=\"https:\/\/www.bnpro.ba\/wp-content\/uploads\/2023\/11\/trimble_dini_back-1.png\" class=\"elementor-animation-float attachment-full size-full wp-image-480\" alt=\"\" \/><\/a><\/figure><div class=\"elementor-image-box-content\"><h4 class=\"elementor-image-box-title\"><a href=\"https:\/\/www.bnpro.ba\/?page_id=770\">DIGITALNI NIVELIRI<\/a><\/h4><\/div><\/div>\t\t\t\t<\/div>\n\t\t\t\t<\/div>\n\t\t\t\t<div class=\"elementor-element elementor-element-d571cbe elementor-widget elementor-widget-button\" data-id=\"d571cbe\" data-element_type=\"widget\" data-e-type=\"widget\" data-widget_type=\"button.default\">\n\t\t\t\t<div class=\"elementor-widget-container\">\n\t\t\t\t\t\t\t\t\t<div class=\"elementor-button-wrapper\">\n\t\t\t\t\t<a class=\"elementor-button elementor-button-link elementor-size-sm\" href=\"https:\/\/www.bnpro.ba\/?page_id=770\">\n\t\t\t\t\t\t<span class=\"elementor-button-content-wrapper\">\n\t\t\t\t\t\t\t\t\t<span class=\"elementor-button-text\">Saznajte vi\u0161e<\/span>\n\t\t\t\t\t<\/span>\n\t\t\t\t\t<\/a>\n\t\t\t\t<\/div>\n\t\t\t\t\t\t\t\t<\/div>\n\t\t\t\t<\/div>\n\t\t\t\t<\/div>\n\t\t\t\t<\/div>\n\t\t\t\t<\/div>\n\t\t<div class=\"elementor-element elementor-element-5aa78fd e-con-full e-flex e-con e-parent\" data-id=\"5aa78fd\" data-element_type=\"container\" data-e-type=\"container\">\n\t\t<div class=\"elementor-element elementor-element-9d2c3a6 e-con-full e-flex e-con e-child\" data-id=\"9d2c3a6\" data-element_type=\"container\" data-e-type=\"container\">\n\t\t<div class=\"elementor-element elementor-element-88e95c9 e-con-full e-flex e-con e-child\" data-id=\"88e95c9\" data-element_type=\"container\" data-e-type=\"container\">\n\t\t\t\t<div class=\"elementor-element elementor-element-60a3b3b elementor-position-top elementor-widget elementor-widget-image-box\" data-id=\"60a3b3b\" data-element_type=\"widget\" data-e-type=\"widget\" data-widget_type=\"image-box.default\">\n\t\t\t\t<div class=\"elementor-widget-container\">\n\t\t\t\t\t<div class=\"elementor-image-box-wrapper\"><figure class=\"elementor-image-box-img\"><a href=\"https:\/\/www.bnpro.ba\/?page_id=817\" tabindex=\"-1\"><img loading=\"lazy\" decoding=\"async\" width=\"800\" height=\"800\" src=\"https:\/\/www.bnpro.ba\/wp-content\/uploads\/2023\/11\/geo-tsc7-productpage-fullbackgroundproducthero-800x960-1.png\" class=\"elementor-animation-float attachment-full size-full wp-image-481\" alt=\"\" \/><\/a><\/figure><div class=\"elementor-image-box-content\"><h4 class=\"elementor-image-box-title\"><a href=\"https:\/\/www.bnpro.ba\/?page_id=817\">KONTROLERI<\/a><\/h4><\/div><\/div>\t\t\t\t<\/div>\n\t\t\t\t<\/div>\n\t\t\t\t<div class=\"elementor-element elementor-element-fd9bfd2 elementor-widget elementor-widget-button\" data-id=\"fd9bfd2\" data-element_type=\"widget\" data-e-type=\"widget\" data-widget_type=\"button.default\">\n\t\t\t\t<div class=\"elementor-widget-container\">\n\t\t\t\t\t\t\t\t\t<div class=\"elementor-button-wrapper\">\n\t\t\t\t\t<a class=\"elementor-button elementor-button-link elementor-size-sm\" href=\"https:\/\/www.bnpro.ba\/?page_id=817\">\n\t\t\t\t\t\t<span class=\"elementor-button-content-wrapper\">\n\t\t\t\t\t\t\t\t\t<span class=\"elementor-button-text\">Saznajte vi\u0161e<\/span>\n\t\t\t\t\t<\/span>\n\t\t\t\t\t<\/a>\n\t\t\t\t<\/div>\n\t\t\t\t\t\t\t\t<\/div>\n\t\t\t\t<\/div>\n\t\t\t\t<\/div>\n\t\t<div class=\"elementor-element elementor-element-5d2c98e e-con-full e-flex e-con e-child\" data-id=\"5d2c98e\" data-element_type=\"container\" data-e-type=\"container\">\n\t\t\t\t<div class=\"elementor-element elementor-element-e5a1c67 elementor-position-top elementor-widget elementor-widget-image-box\" data-id=\"e5a1c67\" data-element_type=\"widget\" data-e-type=\"widget\" data-widget_type=\"image-box.default\">\n\t\t\t\t<div class=\"elementor-widget-container\">\n\t\t\t\t\t<div class=\"elementor-image-box-wrapper\"><figure class=\"elementor-image-box-img\"><img loading=\"lazy\" decoding=\"async\" width=\"1350\" height=\"1480\" src=\"https:\/\/www.bnpro.ba\/wp-content\/uploads\/2023\/11\/small-Trimble_Access_Logo_2.jpg\" class=\"elementor-animation-float attachment-full size-full wp-image-482\" alt=\"\" \/><\/figure><div class=\"elementor-image-box-content\"><h4 class=\"elementor-image-box-title\">SOFTWARE<\/h4><\/div><\/div>\t\t\t\t<\/div>\n\t\t\t\t<\/div>\n\t\t\t\t<\/div>\n\t\t<div class=\"elementor-element elementor-element-952348f e-con-full e-flex e-con e-child\" data-id=\"952348f\" data-element_type=\"container\" data-e-type=\"container\">\n\t\t\t\t<div class=\"elementor-element elementor-element-5c73c2d elementor-position-top elementor-widget elementor-widget-image-box\" data-id=\"5c73c2d\" data-element_type=\"widget\" data-e-type=\"widget\" data-widget_type=\"image-box.default\">\n\t\t\t\t<div class=\"elementor-widget-container\">\n\t\t\t\t\t<div class=\"elementor-image-box-wrapper\"><figure class=\"elementor-image-box-img\"><a href=\"https:\/\/www.bnpro.ba\/wp-content\/uploads\/2024\/03\/2024-03-Trimble-Geospatial-Accessories-Catalog-Rev-C.pdf\" tabindex=\"-1\"><img loading=\"lazy\" decoding=\"async\" width=\"512\" height=\"512\" src=\"https:\/\/www.bnpro.ba\/wp-content\/uploads\/2024\/03\/o001sssss.jpg\" class=\"elementor-animation-float attachment-full size-full wp-image-1775\" alt=\"\" srcset=\"https:\/\/www.bnpro.ba\/wp-content\/uploads\/2024\/03\/o001sssss.jpg 512w, https:\/\/www.bnpro.ba\/wp-content\/uploads\/2024\/03\/o001sssss-300x300.jpg 300w, https:\/\/www.bnpro.ba\/wp-content\/uploads\/2024\/03\/o001sssss-150x150.jpg 150w\" sizes=\"(max-width: 512px) 100vw, 512px\" \/><\/a><\/figure><div class=\"elementor-image-box-content\"><h4 class=\"elementor-image-box-title\"><a href=\"https:\/\/www.bnpro.ba\/wp-content\/uploads\/2024\/03\/2024-03-Trimble-Geospatial-Accessories-Catalog-Rev-C.pdf\">DODATNA OPREMA<\/a><\/h4><\/div><\/div>\t\t\t\t<\/div>\n\t\t\t\t<\/div>\n\t\t\t\t<div class=\"elementor-element elementor-element-81e8586 elementor-widget elementor-widget-button\" data-id=\"81e8586\" data-element_type=\"widget\" data-e-type=\"widget\" data-widget_type=\"button.default\">\n\t\t\t\t<div class=\"elementor-widget-container\">\n\t\t\t\t\t\t\t\t\t<div class=\"elementor-button-wrapper\">\n\t\t\t\t\t<a class=\"elementor-button elementor-button-link elementor-size-sm\" href=\"https:\/\/www.bnpro.ba\/wp-content\/uploads\/2024\/03\/2024-03-Trimble-Geospatial-Accessories-Catalog-Rev-C.pdf\">\n\t\t\t\t\t\t<span class=\"elementor-button-content-wrapper\">\n\t\t\t\t\t\t\t\t\t<span class=\"elementor-button-text\">Saznajte vi\u0161e<\/span>\n\t\t\t\t\t<\/span>\n\t\t\t\t\t<\/a>\n\t\t\t\t<\/div>\n\t\t\t\t\t\t\t\t<\/div>\n\t\t\t\t<\/div>\n\t\t\t\t<\/div>\n\t\t\t\t<\/div>\n\t\t\t\t<\/div>\n\t\t<div class=\"elementor-element elementor-element-d815b39 e-flex e-con-boxed e-con e-parent\" data-id=\"d815b39\" data-element_type=\"container\" data-e-type=\"container\">\n\t\t\t\t\t<div class=\"e-con-inner\">\n\t\t\t\t<div class=\"elementor-element elementor-element-d0410d2 elementor-widget elementor-widget-heading\" data-id=\"d0410d2\" data-element_type=\"widget\" data-e-type=\"widget\" data-widget_type=\"heading.default\">\n\t\t\t\t<div class=\"elementor-widget-container\">\n\t\t\t\t\t<h6 class=\"elementor-heading-title elementor-size-default\"><h5 class=\"elementor-heading-title elementor-size-default\" style=\"font-family: Poppins, sans-serif;font-weight: 600;text-align: center\">Za vi\u0161e informacija o dostupnosti pribora i opreme, javite nam se<\/h5><\/h6>\t\t\t\t<\/div>\n\t\t\t\t<\/div>\n\t\t\t\t\t<\/div>\n\t\t\t\t<\/div>\n\t\t<div class=\"elementor-element elementor-element-ae88a89 e-flex e-con-boxed e-con e-parent\" data-id=\"ae88a89\" data-element_type=\"container\" data-e-type=\"container\">\n\t\t\t\t\t<div class=\"e-con-inner\">\n\t\t\t\t<div class=\"elementor-element elementor-element-1554a84 elementor-widget elementor-widget-spacer\" data-id=\"1554a84\" data-element_type=\"widget\" data-e-type=\"widget\" data-widget_type=\"spacer.default\">\n\t\t\t\t<div class=\"elementor-widget-container\">\n\t\t\t\t\t\t\t<div class=\"elementor-spacer\">\n\t\t\t<div class=\"elementor-spacer-inner\"><\/div>\n\t\t<\/div>\n\t\t\t\t\t\t<\/div>\n\t\t\t\t<\/div>\n\t\t\t\t\t<\/div>\n\t\t\t\t<\/div>\n\t\t\t\t<\/div>\n\t\t","protected":false},"excerpt":{"rendered":"<p>Trimble Geospatial Trimble je vode\u0107i svjetski pru\u017eatelj tehnolo\u0161kih rje\u0161enja za geoprostornu analizu i upravljanje podacima. Njihove inovativne platforme omogu\u0107uju korisnicima precizno prikupljanje, analizu i interpretaciju prostornih podataka kako bi donijeli informisane odluke. Bez obzira radi li se o geodetskim mjerenjima, kartografiji ili geografskim informacijskim sustavima, Trimble pru\u017ea pouzdane alate i opremu koji poti\u010du u\u010dinkovitost i [&hellip;]<\/p>\n","protected":false},"author":1,"featured_media":0,"parent":0,"menu_order":0,"comment_status":"closed","ping_status":"closed","template":"","meta":{"footnotes":""},"class_list":["post-467","page","type-page","status-publish","hentry"],"_links":{"self":[{"href":"https:\/\/www.bnpro.ba\/index.php?rest_route=\/wp\/v2\/pages\/467","targetHints":{"allow":["GET"]}}],"collection":[{"href":"https:\/\/www.bnpro.ba\/index.php?rest_route=\/wp\/v2\/pages"}],"about":[{"href":"https:\/\/www.bnpro.ba\/index.php?rest_route=\/wp\/v2\/types\/page"}],"author":[{"embeddable":true,"href":"https:\/\/www.bnpro.ba\/index.php?rest_route=\/wp\/v2\/users\/1"}],"replies":[{"embeddable":true,"href":"https:\/\/www.bnpro.ba\/index.php?rest_route=%2Fwp%2Fv2%2Fcomments&post=467"}],"version-history":[{"count":34,"href":"https:\/\/www.bnpro.ba\/index.php?rest_route=\/wp\/v2\/pages\/467\/revisions"}],"predecessor-version":[{"id":1816,"href":"https:\/\/www.bnpro.ba\/index.php?rest_route=\/wp\/v2\/pages\/467\/revisions\/1816"}],"wp:attachment":[{"href":"https:\/\/www.bnpro.ba\/index.php?rest_route=%2Fwp%2Fv2%2Fmedia&parent=467"}],"curies":[{"name":"wp","href":"https:\/\/api.w.org\/{rel}","templated":true}]}}