{"id":538,"date":"2023-11-13T13:48:35","date_gmt":"2023-11-13T13:48:35","guid":{"rendered":"https:\/\/www.bnpro.ba\/?page_id=538"},"modified":"2023-11-13T13:56:16","modified_gmt":"2023-11-13T13:56:16","slug":"trimble-r12i-bez-radio","status":"publish","type":"page","link":"https:\/\/www.bnpro.ba\/?page_id=538","title":{"rendered":"Trimble R12i Pro-Point rover, bez radio modema"},"content":{"rendered":"\t\t<div data-elementor-type=\"wp-page\" data-elementor-id=\"538\" class=\"elementor elementor-538\">\n\t\t\t\t<div class=\"elementor-element elementor-element-8b064a3 e-flex e-con-boxed e-con e-parent\" data-id=\"8b064a3\" data-element_type=\"container\" data-e-type=\"container\">\n\t\t\t\t\t<div class=\"e-con-inner\">\n\t\t\t\t<div class=\"elementor-element elementor-element-596f581 elementor-widget elementor-widget-heading\" data-id=\"596f581\" data-element_type=\"widget\" data-e-type=\"widget\" data-widget_type=\"heading.default\">\n\t\t\t\t<div class=\"elementor-widget-container\">\n\t\t\t\t\t<h2 class=\"elementor-heading-title elementor-size-default\">Trimble R12i Pro-Point rover, bez radio modema<\/h2>\t\t\t\t<\/div>\n\t\t\t\t<\/div>\n\t\t\t\t\t<\/div>\n\t\t\t\t<\/div>\n\t\t<div class=\"elementor-element elementor-element-e05cb26 e-grid e-con-boxed e-con e-parent\" data-id=\"e05cb26\" data-element_type=\"container\" data-e-type=\"container\">\n\t\t\t\t\t<div class=\"e-con-inner\">\n\t\t\t\t<div class=\"elementor-element elementor-element-cea04be elementor-widget elementor-widget-image\" data-id=\"cea04be\" data-element_type=\"widget\" data-e-type=\"widget\" data-widget_type=\"image.default\">\n\t\t\t\t<div class=\"elementor-widget-container\">\n\t\t\t\t\t\t\t\t\t\t\t\t\t\t\t<img fetchpriority=\"high\" decoding=\"async\" width=\"800\" height=\"800\" src=\"https:\/\/www.bnpro.ba\/wp-content\/uploads\/2023\/11\/Trimble-TIP-tilt-compensation-technology_blurred_cropped_LR.png\" class=\"elementor-animation-wobble-horizontal attachment-large size-large wp-image-524\" alt=\"\" \/>\t\t\t\t\t\t\t\t\t\t\t\t\t\t\t<\/div>\n\t\t\t\t<\/div>\n\t\t\t\t<div class=\"elementor-element elementor-element-311d983 elementor-widget elementor-widget-image-gallery\" data-id=\"311d983\" data-element_type=\"widget\" data-e-type=\"widget\" data-widget_type=\"image-gallery.default\">\n\t\t\t\t<div class=\"elementor-widget-container\">\n\t\t\t\t\t\t\t<div class=\"elementor-image-gallery\">\n\t\t\t<div id='gallery-1' class='gallery galleryid-538 gallery-columns-5 gallery-size-thumbnail'><figure class='gallery-item'>\n\t\t\t<div class='gallery-icon landscape'>\n\t\t\t\t<a data-elementor-open-lightbox=\"yes\" data-elementor-lightbox-slideshow=\"311d983\" data-elementor-lightbox-title=\"76\" data-e-action-hash=\"#elementor-action%3Aaction%3Dlightbox%26settings%3DeyJpZCI6NTQ0LCJ1cmwiOiJodHRwczpcL1wvd3d3LmJucHJvLmJhXC93cC1jb250ZW50XC91cGxvYWRzXC8yMDIzXC8xMVwvVHJpbWJsZV9SMTJpX1RTQzdfVG9wb185MjE2LmpwZyIsInNsaWRlc2hvdyI6IjMxMWQ5ODMifQ%3D%3D\" href='https:\/\/www.bnpro.ba\/wp-content\/uploads\/2023\/11\/Trimble_R12i_TSC7_Topo_9216.jpg'><img decoding=\"async\" width=\"150\" height=\"100\" src=\"https:\/\/www.bnpro.ba\/wp-content\/uploads\/2023\/11\/Trimble_R12i_TSC7_Topo_9216.jpg\" class=\"attachment-thumbnail size-thumbnail\" alt=\"\" \/><\/a>\n\t\t\t<\/div><\/figure><figure class='gallery-item'>\n\t\t\t<div class='gallery-icon landscape'>\n\t\t\t\t<a data-elementor-open-lightbox=\"yes\" data-elementor-lightbox-slideshow=\"311d983\" data-elementor-lightbox-title=\"77\" data-e-action-hash=\"#elementor-action%3Aaction%3Dlightbox%26settings%3DeyJpZCI6NTQ1LCJ1cmwiOiJodHRwczpcL1wvd3d3LmJucHJvLmJhXC93cC1jb250ZW50XC91cGxvYWRzXC8yMDIzXC8xMVwvVHJpbWJsZV9SMTJpX1RTQzdfVXRpbGl0aWVzXzk2MDctc2NhbGVkLTEuanBnIiwic2xpZGVzaG93IjoiMzExZDk4MyJ9\" href='https:\/\/www.bnpro.ba\/wp-content\/uploads\/2023\/11\/Trimble_R12i_TSC7_Utilities_9607-scaled-1.jpg'><img decoding=\"async\" width=\"150\" height=\"100\" src=\"https:\/\/www.bnpro.ba\/wp-content\/uploads\/2023\/11\/Trimble_R12i_TSC7_Utilities_9607-scaled-1.jpg\" class=\"attachment-thumbnail size-thumbnail\" alt=\"\" \/><\/a>\n\t\t\t<\/div><\/figure><figure class='gallery-item'>\n\t\t\t<div class='gallery-icon portrait'>\n\t\t\t\t<a data-elementor-open-lightbox=\"yes\" data-elementor-lightbox-slideshow=\"311d983\" data-elementor-lightbox-title=\"75\" data-e-action-hash=\"#elementor-action%3Aaction%3Dlightbox%26settings%3DeyJpZCI6NTQ2LCJ1cmwiOiJodHRwczpcL1wvd3d3LmJucHJvLmJhXC93cC1jb250ZW50XC91cGxvYWRzXC8yMDIzXC8xMVwvVHJpbWJsZV9SMTJpXzMwNTQuanBnIiwic2xpZGVzaG93IjoiMzExZDk4MyJ9\" href='https:\/\/www.bnpro.ba\/wp-content\/uploads\/2023\/11\/Trimble_R12i_3054.jpg'><img loading=\"lazy\" decoding=\"async\" width=\"100\" height=\"150\" src=\"https:\/\/www.bnpro.ba\/wp-content\/uploads\/2023\/11\/Trimble_R12i_3054.jpg\" class=\"attachment-thumbnail size-thumbnail\" alt=\"\" \/><\/a>\n\t\t\t<\/div><\/figure><figure class='gallery-item'>\n\t\t\t<div class='gallery-icon landscape'>\n\t\t\t\t<a data-elementor-open-lightbox=\"yes\" data-elementor-lightbox-slideshow=\"311d983\" data-elementor-lightbox-title=\"80\" data-e-action-hash=\"#elementor-action%3Aaction%3Dlightbox%26settings%3DeyJpZCI6NTI5LCJ1cmwiOiJodHRwczpcL1wvd3d3LmJucHJvLmJhXC93cC1jb250ZW50XC91cGxvYWRzXC8yMDIzXC8xMVwvVHJpbWJsZV9SMTJpXzMwMzVfQ0MuanBnIiwic2xpZGVzaG93IjoiMzExZDk4MyJ9\" href='https:\/\/www.bnpro.ba\/wp-content\/uploads\/2023\/11\/Trimble_R12i_3035_CC.jpg'><img loading=\"lazy\" decoding=\"async\" width=\"150\" height=\"150\" src=\"https:\/\/www.bnpro.ba\/wp-content\/uploads\/2023\/11\/Trimble_R12i_3035_CC.jpg\" class=\"attachment-thumbnail size-thumbnail\" alt=\"\" \/><\/a>\n\t\t\t<\/div><\/figure><figure class='gallery-item'>\n\t\t\t<div class='gallery-icon landscape'>\n\t\t\t\t<a data-elementor-open-lightbox=\"yes\" data-elementor-lightbox-slideshow=\"311d983\" data-elementor-lightbox-title=\"79\" data-e-action-hash=\"#elementor-action%3Aaction%3Dlightbox%26settings%3DeyJpZCI6NTI4LCJ1cmwiOiJodHRwczpcL1wvd3d3LmJucHJvLmJhXC93cC1jb250ZW50XC91cGxvYWRzXC8yMDIzXC8xMVwvVHJpbWJsZS1SMTJpX1RvcG9fOTI4Ny5qcGciLCJzbGlkZXNob3ciOiIzMTFkOTgzIn0%3D\" href='https:\/\/www.bnpro.ba\/wp-content\/uploads\/2023\/11\/Trimble-R12i_Topo_9287.jpg'><img loading=\"lazy\" decoding=\"async\" width=\"150\" height=\"150\" src=\"https:\/\/www.bnpro.ba\/wp-content\/uploads\/2023\/11\/Trimble-R12i_Topo_9287.jpg\" class=\"attachment-thumbnail size-thumbnail\" alt=\"\" \/><\/a>\n\t\t\t<\/div><\/figure>\n\t\t<\/div>\n\t\t<\/div>\n\t\t\t\t\t\t<\/div>\n\t\t\t\t<\/div>\n\t\t\t\t\t<\/div>\n\t\t\t\t<\/div>\n\t\t<div class=\"elementor-element elementor-element-151abe1 e-flex e-con-boxed e-con e-parent\" data-id=\"151abe1\" data-element_type=\"container\" data-e-type=\"container\">\n\t\t\t\t\t<div class=\"e-con-inner\">\n\t\t\t\t<div class=\"elementor-element elementor-element-d5d4326 elementor-widget elementor-widget-text-editor\" data-id=\"d5d4326\" data-element_type=\"widget\" data-e-type=\"widget\" data-widget_type=\"text-editor.default\">\n\t\t\t\t<div class=\"elementor-widget-container\">\n\t\t\t\t\t\t\t\t\t<p>\u2013 Trimble R12i GNSS prijemnik bez radio modema<br>\u2013 Trimble Custom Survey GNSS ASIC sa 672 GNSS kanala i radio modemom za slanje i primanje RTK korekcija<br>\u2013 ugra\u0111ena precizna GPS L1\/L2\/L5\/GLONASS\/Galileo\/BeiDou\/SBAS\/QZSS\/NavIC antena<br>\u2013 Bluetooth i GSM\/GPRS modem (3.5G\/LTE Quad band)<br>\u2013 Wi-Fi za Access point i client mod<br>\u2013 to\u010dnost statike 3mm+0.1ppm RMS horizontalno<br>\u2013 to\u010dnost statike 3.5mm+0.4ppm RMS vertikalno<br>\u2013 to\u010dnost mre\u017ene kinematike 8mm+0.5ppm RMS horizontalno<br>\u2013 Trimble 360 tracking sa 672 kanala, 6 GB interne memorije za pohranu vi\u0161e od 10 godina prikupljanja RAW podataka (prosje\u010dno 1.4 MB\/dan) s 14 satelita na 15s intervalu<\/p>\n<p>\u2013 simultano pra\u0107enje:<br>GPS: L1C, L1C\/A, L2C, L2E, L5<br>GLONASS: L1C\/A, L1P, L2C\/A, L2P, L3<br>SBAS: L1C\/A, L5 (za SBAS satelite koji podr\u017eavaju L5)<br>Galileo: E1, E5A, E5B, E5 AltBOC, E6<br>BeiDou: B1, B1C, B2, B2A, B2B, B3<br>QZSS: L1C\/A, L1S, L1C, L2C, L5, L6<br>NavIC (IRNSS): L5<br>L-band: Trimble RTX\u2122 Corrections<\/p>\n<p>\u2013 Trimble Inertial Platform (TIP) precizna kompenzacija nagiba do 30\u00b0 pomo\u0107u ugra\u0111enog IMU-a<br>To\u010dnost TIP kompenziranog mjerenja:<br>RTK + 5mm + 0.4mm\/\u00b0 nagiba (do 30\u00b0) RMS<br>RTX + 5mm + 0.4mm\/\u00b0nagiba (do 30\u00b0) RMS<br>IMU pra\u0107enje integriteta sustava: temperatura, starost i \u0161ok<br>\u2013 Trimble ProPoint\u2122 inovativna GNSS tehnologija za mjerenja u vrlo zahtjevnim GNSS okru\u017eenjima<br>\u2013 CenterPoint RTX pozicioniranje<br>\u2013 QZSS, WAAS, MSAS, EGNOS, GAGAN<br>\u2013 1 Hz, 2 Hz, 5 Hz, 10 Hz i 20 Hz pozicioniranje<br>\u2013 xFill \u2013 nastavak RTK preciznog rada nakon gubitka RTK korekcije do 5 minuta<br>\u2013 WebUI poveziv putem Wi-Fi, USB, serijske ili bluetooth veze<br>\u2013 NTRIP Caster, NTRIP Server, NTRIP Client<br>\u2013 CMR+, CMRx, RTCM 2.1, RTCM 2.3, RTCM 3.0, RTCM 3.1, RTCM 3.2<br>\u2013 GSOF, RT17 i RT27 izlazi, 24 NMEA izlaza (uz nadoplatu)<br>\u2013 prijem i primjena CROPOS automatske RTCM transformacije<br>\u2013 1 x LiIon baterija (za 6.5 sati rada u rover modu)<br>\u2013 za\u0161titni transportni kofer<br>\u2013 ugra\u0111en prijemnik za Trimbe RTX diferencijalnu korekciju<br>\u2013 ugra\u0111en prijemnik za Omnistar diferencijalnu korekciju<\/p>\n<p>\u2013 jamstveni rok 12 mjeseci uz mogu\u0107nost produ\u017eavanja do 5 godina<\/p>\n<p><b>Trimble R12i&nbsp;<\/b>GNSS prijemnik s Trimble ProPoint\u2122 GNSS tehnologijom nudi neusporedive GNSS performanse, brzinu i to\u010dnost.<\/p>\t\t\t\t\t\t\t\t<\/div>\n\t\t\t\t<\/div>\n\t\t\t\t\t<\/div>\n\t\t\t\t<\/div>\n\t\t<div class=\"elementor-element elementor-element-7707a07 e-flex e-con-boxed e-con e-parent\" data-id=\"7707a07\" data-element_type=\"container\" data-e-type=\"container\">\n\t\t\t\t\t<div class=\"e-con-inner\">\n\t\t\t\t<div class=\"elementor-element elementor-element-4c521a4 elementor-widget elementor-widget-video\" data-id=\"4c521a4\" data-element_type=\"widget\" data-e-type=\"widget\" data-settings=\"{&quot;youtube_url&quot;:&quot;https:\\\/\\\/www.youtube.com\\\/watch?v=SBTQDZshRDI&quot;,&quot;video_type&quot;:&quot;youtube&quot;,&quot;controls&quot;:&quot;yes&quot;}\" data-widget_type=\"video.default\">\n\t\t\t\t<div class=\"elementor-widget-container\">\n\t\t\t\t\t\t\t<div class=\"elementor-wrapper elementor-open-inline\">\n\t\t\t<div class=\"elementor-video\"><\/div>\t\t<\/div>\n\t\t\t\t\t\t<\/div>\n\t\t\t\t<\/div>\n\t\t\t\t\t<\/div>\n\t\t\t\t<\/div>\n\t\t\t\t<\/div>\n\t\t","protected":false},"excerpt":{"rendered":"<p>Trimble R12i Pro-Point rover, bez radio modema \u2013 Trimble R12i GNSS prijemnik bez radio modema\u2013 Trimble Custom Survey GNSS ASIC sa 672 GNSS kanala i radio modemom za slanje i primanje RTK korekcija\u2013 ugra\u0111ena precizna GPS L1\/L2\/L5\/GLONASS\/Galileo\/BeiDou\/SBAS\/QZSS\/NavIC antena\u2013 Bluetooth i GSM\/GPRS modem (3.5G\/LTE Quad band)\u2013 Wi-Fi za Access point i client mod\u2013 to\u010dnost statike 3mm+0.1ppm [&hellip;]<\/p>\n","protected":false},"author":1,"featured_media":0,"parent":0,"menu_order":0,"comment_status":"closed","ping_status":"closed","template":"","meta":{"footnotes":""},"class_list":["post-538","page","type-page","status-publish","hentry"],"_links":{"self":[{"href":"https:\/\/www.bnpro.ba\/index.php?rest_route=\/wp\/v2\/pages\/538","targetHints":{"allow":["GET"]}}],"collection":[{"href":"https:\/\/www.bnpro.ba\/index.php?rest_route=\/wp\/v2\/pages"}],"about":[{"href":"https:\/\/www.bnpro.ba\/index.php?rest_route=\/wp\/v2\/types\/page"}],"author":[{"embeddable":true,"href":"https:\/\/www.bnpro.ba\/index.php?rest_route=\/wp\/v2\/users\/1"}],"replies":[{"embeddable":true,"href":"https:\/\/www.bnpro.ba\/index.php?rest_route=%2Fwp%2Fv2%2Fcomments&post=538"}],"version-history":[{"count":13,"href":"https:\/\/www.bnpro.ba\/index.php?rest_route=\/wp\/v2\/pages\/538\/revisions"}],"predecessor-version":[{"id":559,"href":"https:\/\/www.bnpro.ba\/index.php?rest_route=\/wp\/v2\/pages\/538\/revisions\/559"}],"wp:attachment":[{"href":"https:\/\/www.bnpro.ba\/index.php?rest_route=%2Fwp%2Fv2%2Fmedia&parent=538"}],"curies":[{"name":"wp","href":"https:\/\/api.w.org\/{rel}","templated":true}]}}