{"id":942,"date":"2023-11-21T12:03:34","date_gmt":"2023-11-21T12:03:34","guid":{"rendered":"https:\/\/www.bnpro.ba\/?page_id=942"},"modified":"2025-07-17T05:34:32","modified_gmt":"2025-07-17T05:34:32","slug":"pribor","status":"publish","type":"page","link":"https:\/\/www.bnpro.ba\/?page_id=942","title":{"rendered":"Pribor"},"content":{"rendered":"\t\t<div data-elementor-type=\"wp-page\" data-elementor-id=\"942\" class=\"elementor elementor-942\">\n\t\t\t\t<div class=\"elementor-element elementor-element-67e1f03 e-flex e-con-boxed e-con e-parent\" data-id=\"67e1f03\" data-element_type=\"container\" data-e-type=\"container\">\n\t\t\t\t\t<div class=\"e-con-inner\">\n\t\t<div class=\"elementor-element elementor-element-407ada1 e-con-full e-flex e-con e-child\" data-id=\"407ada1\" data-element_type=\"container\" data-e-type=\"container\">\n\t\t<div class=\"elementor-element elementor-element-a9e8681 e-con-full e-flex e-con e-child\" data-id=\"a9e8681\" data-element_type=\"container\" data-e-type=\"container\">\n\t\t<div class=\"elementor-element elementor-element-c2b35c9 e-con-full e-flex e-con e-child\" data-id=\"c2b35c9\" data-element_type=\"container\" data-e-type=\"container\">\n\t\t\t\t<div class=\"elementor-element elementor-element-41fb4a5 elementor-position-top elementor-widget elementor-widget-image-box\" data-id=\"41fb4a5\" data-element_type=\"widget\" data-e-type=\"widget\" data-widget_type=\"image-box.default\">\n\t\t\t\t<div class=\"elementor-widget-container\">\n\t\t\t\t\t<div class=\"elementor-image-box-wrapper\"><figure class=\"elementor-image-box-img\"><a href=\"https:\/\/www.bnpro.ba\/wp-content\/uploads\/2023\/12\/bolcne.pdf\" tabindex=\"-1\"><img fetchpriority=\"high\" decoding=\"async\" width=\"512\" height=\"512\" src=\"https:\/\/www.bnpro.ba\/wp-content\/uploads\/2023\/12\/pr001.jpg\" class=\"elementor-animation-float attachment-full size-full wp-image-1670\" alt=\"\" srcset=\"https:\/\/www.bnpro.ba\/wp-content\/uploads\/2023\/12\/pr001.jpg 512w, https:\/\/www.bnpro.ba\/wp-content\/uploads\/2023\/12\/pr001-300x300.jpg 300w, https:\/\/www.bnpro.ba\/wp-content\/uploads\/2023\/12\/pr001-150x150.jpg 150w\" sizes=\"(max-width: 512px) 100vw, 512px\" \/><\/a><\/figure><div class=\"elementor-image-box-content\"><h4 class=\"elementor-image-box-title\"><a href=\"https:\/\/www.bnpro.ba\/wp-content\/uploads\/2023\/12\/bolcne.pdf\">Geodetske biljege i bolcne<\/a><\/h4><\/div><\/div>\t\t\t\t<\/div>\n\t\t\t\t<\/div>\n\t\t\t\t<div class=\"elementor-element elementor-element-04eb7b0 elementor-align-center elementor-widget elementor-widget-button\" data-id=\"04eb7b0\" data-element_type=\"widget\" data-e-type=\"widget\" data-widget_type=\"button.default\">\n\t\t\t\t<div class=\"elementor-widget-container\">\n\t\t\t\t\t\t\t\t\t<div class=\"elementor-button-wrapper\">\n\t\t\t\t\t<a class=\"elementor-button elementor-button-link elementor-size-sm\" href=\"https:\/\/www.bnpro.ba\/wp-content\/uploads\/2023\/12\/bolcne.pdf\">\n\t\t\t\t\t\t<span class=\"elementor-button-content-wrapper\">\n\t\t\t\t\t\t\t\t\t<span class=\"elementor-button-text\">Katalog<\/span>\n\t\t\t\t\t<\/span>\n\t\t\t\t\t<\/a>\n\t\t\t\t<\/div>\n\t\t\t\t\t\t\t\t<\/div>\n\t\t\t\t<\/div>\n\t\t\t\t<\/div>\n\t\t<div class=\"elementor-element elementor-element-e4f76f4 e-con-full e-flex e-con e-child\" data-id=\"e4f76f4\" data-element_type=\"container\" data-e-type=\"container\">\n\t\t\t\t<div class=\"elementor-element elementor-element-2ffa479 elementor-position-top elementor-widget elementor-widget-image-box\" data-id=\"2ffa479\" data-element_type=\"widget\" data-e-type=\"widget\" data-widget_type=\"image-box.default\">\n\t\t\t\t<div class=\"elementor-widget-container\">\n\t\t\t\t\t<div class=\"elementor-image-box-wrapper\"><figure class=\"elementor-image-box-img\"><a href=\"https:\/\/www.bnpro.ba\/wp-content\/uploads\/2023\/12\/pantljike.pdf\" tabindex=\"-1\"><img decoding=\"async\" width=\"512\" height=\"512\" src=\"https:\/\/www.bnpro.ba\/wp-content\/uploads\/2023\/12\/pr003.jpg\" class=\"elementor-animation-float attachment-full size-full wp-image-1690\" alt=\"\" srcset=\"https:\/\/www.bnpro.ba\/wp-content\/uploads\/2023\/12\/pr003.jpg 512w, https:\/\/www.bnpro.ba\/wp-content\/uploads\/2023\/12\/pr003-300x300.jpg 300w, https:\/\/www.bnpro.ba\/wp-content\/uploads\/2023\/12\/pr003-150x150.jpg 150w\" sizes=\"(max-width: 512px) 100vw, 512px\" \/><\/a><\/figure><div class=\"elementor-image-box-content\"><h4 class=\"elementor-image-box-title\"><a href=\"https:\/\/www.bnpro.ba\/wp-content\/uploads\/2023\/12\/pantljike.pdf\">Pantljike<br><\/a><\/h4><\/div><\/div>\t\t\t\t<\/div>\n\t\t\t\t<\/div>\n\t\t\t\t<div class=\"elementor-element elementor-element-8b540e8 elementor-align-center elementor-widget elementor-widget-button\" data-id=\"8b540e8\" data-element_type=\"widget\" data-e-type=\"widget\" data-widget_type=\"button.default\">\n\t\t\t\t<div class=\"elementor-widget-container\">\n\t\t\t\t\t\t\t\t\t<div class=\"elementor-button-wrapper\">\n\t\t\t\t\t<a class=\"elementor-button elementor-button-link elementor-size-sm\" href=\"https:\/\/www.bnpro.ba\/wp-content\/uploads\/2023\/12\/pantljike.pdf\">\n\t\t\t\t\t\t<span class=\"elementor-button-content-wrapper\">\n\t\t\t\t\t\t\t\t\t<span class=\"elementor-button-text\">Saznajte vi\u0161e<\/span>\n\t\t\t\t\t<\/span>\n\t\t\t\t\t<\/a>\n\t\t\t\t<\/div>\n\t\t\t\t\t\t\t\t<\/div>\n\t\t\t\t<\/div>\n\t\t\t\t<\/div>\n\t\t<div class=\"elementor-element elementor-element-b7e9602 e-con-full e-flex e-con e-child\" data-id=\"b7e9602\" data-element_type=\"container\" data-e-type=\"container\">\n\t\t\t\t<div class=\"elementor-element elementor-element-b542911 elementor-position-top elementor-widget elementor-widget-image-box\" data-id=\"b542911\" data-element_type=\"widget\" data-e-type=\"widget\" data-widget_type=\"image-box.default\">\n\t\t\t\t<div class=\"elementor-widget-container\">\n\t\t\t\t\t<div class=\"elementor-image-box-wrapper\"><figure class=\"elementor-image-box-img\"><a href=\"https:\/\/www.bnpro.ba\/wp-content\/uploads\/2023\/12\/nogare.pdf\" tabindex=\"-1\"><img decoding=\"async\" width=\"512\" height=\"512\" src=\"https:\/\/www.bnpro.ba\/wp-content\/uploads\/2023\/12\/pr004.jpg\" class=\"elementor-animation-float attachment-full size-full wp-image-1694\" alt=\"\" srcset=\"https:\/\/www.bnpro.ba\/wp-content\/uploads\/2023\/12\/pr004.jpg 512w, https:\/\/www.bnpro.ba\/wp-content\/uploads\/2023\/12\/pr004-300x300.jpg 300w, https:\/\/www.bnpro.ba\/wp-content\/uploads\/2023\/12\/pr004-150x150.jpg 150w\" sizes=\"(max-width: 512px) 100vw, 512px\" \/><\/a><\/figure><div class=\"elementor-image-box-content\"><h4 class=\"elementor-image-box-title\"><a href=\"https:\/\/www.bnpro.ba\/wp-content\/uploads\/2023\/12\/nogare.pdf\">Nogare, prizme i ostali pribor<\/a><\/h4><\/div><\/div>\t\t\t\t<\/div>\n\t\t\t\t<\/div>\n\t\t\t\t<div class=\"elementor-element elementor-element-cb1aab9 elementor-align-center elementor-widget elementor-widget-button\" data-id=\"cb1aab9\" data-element_type=\"widget\" data-e-type=\"widget\" data-widget_type=\"button.default\">\n\t\t\t\t<div class=\"elementor-widget-container\">\n\t\t\t\t\t\t\t\t\t<div class=\"elementor-button-wrapper\">\n\t\t\t\t\t<a class=\"elementor-button elementor-button-link elementor-size-sm\" href=\"https:\/\/www.bnpro.ba\/wp-content\/uploads\/2023\/12\/nogare.pdf\">\n\t\t\t\t\t\t<span class=\"elementor-button-content-wrapper\">\n\t\t\t\t\t\t\t\t\t<span class=\"elementor-button-text\">Saznajte vi\u0161e<\/span>\n\t\t\t\t\t<\/span>\n\t\t\t\t\t<\/a>\n\t\t\t\t<\/div>\n\t\t\t\t\t\t\t\t<\/div>\n\t\t\t\t<\/div>\n\t\t\t\t<\/div>\n\t\t\t\t<\/div>\n\t\t\t\t<\/div>\n\t\t\t\t\t<\/div>\n\t\t\t\t<\/div>\n\t\t<div class=\"elementor-element elementor-element-1fcf3d6 e-flex e-con-boxed e-con e-parent\" data-id=\"1fcf3d6\" data-element_type=\"container\" data-e-type=\"container\">\n\t\t\t\t\t<div class=\"e-con-inner\">\n\t\t\t\t<div class=\"elementor-element elementor-element-e7962de elementor-widget elementor-widget-heading\" data-id=\"e7962de\" data-element_type=\"widget\" data-e-type=\"widget\" data-widget_type=\"heading.default\">\n\t\t\t\t<div class=\"elementor-widget-container\">\n\t\t\t\t\t<h5 class=\"elementor-heading-title elementor-size-default\">Za vi\u0161e informacija o dostupnosti pribora i opreme, javite nam se<br> <\/h5>\t\t\t\t<\/div>\n\t\t\t\t<\/div>\n\t\t\t\t<div class=\"elementor-element elementor-element-f4310de elementor-widget elementor-widget-spacer\" data-id=\"f4310de\" data-element_type=\"widget\" data-e-type=\"widget\" data-widget_type=\"spacer.default\">\n\t\t\t\t<div class=\"elementor-widget-container\">\n\t\t\t\t\t\t\t<div class=\"elementor-spacer\">\n\t\t\t<div class=\"elementor-spacer-inner\"><\/div>\n\t\t<\/div>\n\t\t\t\t\t\t<\/div>\n\t\t\t\t<\/div>\n\t\t\t\t\t<\/div>\n\t\t\t\t<\/div>\n\t\t\t\t<\/div>\n\t\t","protected":false},"excerpt":{"rendered":"<p>Geodetske biljege i bolcne Katalog Pantljike Saznajte vi\u0161e Nogare, prizme i ostali pribor Saznajte vi\u0161e Za vi\u0161e informacija o dostupnosti pribora i opreme, javite nam se<\/p>\n","protected":false},"author":1,"featured_media":0,"parent":0,"menu_order":0,"comment_status":"closed","ping_status":"closed","template":"","meta":{"footnotes":""},"class_list":["post-942","page","type-page","status-publish","hentry"],"_links":{"self":[{"href":"https:\/\/www.bnpro.ba\/index.php?rest_route=\/wp\/v2\/pages\/942","targetHints":{"allow":["GET"]}}],"collection":[{"href":"https:\/\/www.bnpro.ba\/index.php?rest_route=\/wp\/v2\/pages"}],"about":[{"href":"https:\/\/www.bnpro.ba\/index.php?rest_route=\/wp\/v2\/types\/page"}],"author":[{"embeddable":true,"href":"https:\/\/www.bnpro.ba\/index.php?rest_route=\/wp\/v2\/users\/1"}],"replies":[{"embeddable":true,"href":"https:\/\/www.bnpro.ba\/index.php?rest_route=%2Fwp%2Fv2%2Fcomments&post=942"}],"version-history":[{"count":58,"href":"https:\/\/www.bnpro.ba\/index.php?rest_route=\/wp\/v2\/pages\/942\/revisions"}],"predecessor-version":[{"id":1813,"href":"https:\/\/www.bnpro.ba\/index.php?rest_route=\/wp\/v2\/pages\/942\/revisions\/1813"}],"wp:attachment":[{"href":"https:\/\/www.bnpro.ba\/index.php?rest_route=%2Fwp%2Fv2%2Fmedia&parent=942"}],"curies":[{"name":"wp","href":"https:\/\/api.w.org\/{rel}","templated":true}]}}