{"id":949,"date":"2023-11-23T07:45:30","date_gmt":"2023-11-23T07:45:30","guid":{"rendered":"https:\/\/www.bnpro.ba\/?page_id=949"},"modified":"2023-12-22T14:47:39","modified_gmt":"2023-12-22T14:47:39","slug":"tehnicka-osmatranja","status":"publish","type":"page","link":"https:\/\/www.bnpro.ba\/?page_id=949","title":{"rendered":"Tehnicka osmatranja"},"content":{"rendered":"\t\t<div data-elementor-type=\"wp-page\" data-elementor-id=\"949\" class=\"elementor elementor-949\">\n\t\t\t\t<div class=\"elementor-element elementor-element-3b8f9e5 e-flex e-con-boxed e-con e-parent\" data-id=\"3b8f9e5\" data-element_type=\"container\" data-e-type=\"container\">\n\t\t\t\t\t<div class=\"e-con-inner\">\n\t\t\t\t<div class=\"elementor-element elementor-element-65b65f6 elementor-widget elementor-widget-heading\" data-id=\"65b65f6\" data-element_type=\"widget\" data-e-type=\"widget\" data-widget_type=\"heading.default\">\n\t\t\t\t<div class=\"elementor-widget-container\">\n\t\t\t\t\t<h2 class=\"elementor-heading-title elementor-size-default\">Tehni\u010dko osmatranje objekata (Geodetski monitoring objekata)<\/h2>\t\t\t\t<\/div>\n\t\t\t\t<\/div>\n\t\t\t\t\t<\/div>\n\t\t\t\t<\/div>\n\t\t<div class=\"elementor-element elementor-element-fddad35 e-flex e-con-boxed e-con e-parent\" data-id=\"fddad35\" data-element_type=\"container\" data-e-type=\"container\">\n\t\t\t\t\t<div class=\"e-con-inner\">\n\t\t\t\t<div class=\"elementor-element elementor-element-9c26dac elementor-widget elementor-widget-text-editor\" data-id=\"9c26dac\" data-element_type=\"widget\" data-e-type=\"widget\" data-widget_type=\"text-editor.default\">\n\t\t\t\t<div class=\"elementor-widget-container\">\n\t\t\t\t\t\t\t\t\t<p>Monitoring in\u017eenjerskih objekata ima ogroman zna\u010daj za stabilnost i eksploataciju objekta. Veliki in\u017eenjerski objekti, kao \u0161to su: brane, tuneli, mostovi, visoke zgrade, trebali bi se permanentno osmatrati.\u00a0<span style=\"color: var( --e-global-color-text ); text-align: var(--text-align); font-size: 1rem;\">Svrha\u00a0<\/span><span style=\"color: var( --e-global-color-text ); text-align: var(--text-align); font-size: 1rem;\">nadgledanja objekta u toku eksploatacije je da se na vrijeme uo\u010de mogu\u0107a\u00a0<\/span><span style=\"color: var( --e-global-color-text ); text-align: var(--text-align); font-size: 1rem;\">o\u0161te\u0107enja i opasnosti po rad objekta, kako bi se moglo pravovremeno reagovati.\u00a0<\/span><span style=\"color: var( --e-global-color-text ); text-align: var(--text-align); font-size: 1rem;\">Me\u0111utim, nadgledanje objekta je samo jedna od stavki kod stabilnosti i\u00a0<\/span><span style=\"color: var( --e-global-color-text ); text-align: var(--text-align); font-size: 1rem;\">operativne sigurnosti objekta, i mora da se posmatra kao dio te cjeline.\u00a0<\/span><span style=\"color: var( --e-global-color-text ); text-align: var(--text-align); font-size: 1rem;\">Naj\u010de\u0161\u0107e je objekat najbitnija stavka.<\/span><\/p><p>Geodetski monitoring podrazumijeva precizno mjerenje i analizu razli\u010ditih parametara kako bi se pravovremeno detektirali eventualni pomaci, deformacije, vibracije i druge promjene u strukturi objekta. Ovi parametri obuhva\u0107aju horizontalne i vertikalne pomake, deformacije konstrukcije, temperature, vlage, brzinu vjetra, i druge relevantne faktore.\u00a0<span style=\"color: var( --e-global-color-text ); text-align: var(--text-align); font-size: 1rem;\">Geodetski monitoring objekata predstavlja klju\u010dnu komponentu\u00a0<\/span><span style=\"color: var( --e-global-color-text ); text-align: var(--text-align); font-size: 1rem;\">u o\u010duvanju sigurnosti, funkcionalnosti i dugotrajnosti infrastrukture objekata.<\/span><\/p><p>Klizi\u0161ta su slo\u017eeni geotehni\u010dki procesi koji mogu izazvati zna\u010dajne \u0161tete infrastrukturi, okoli\u0161u i ljudskim \u017eivotima. Kako bi se adekvatno razumjeli i kontrolisali ove rizici, nu\u017eno je primijeniti sistemski i precizan geodetski monitoring.<span style=\"color: var( --e-global-color-text ); text-align: var(--text-align); font-size: 1rem;\"><br \/><\/span><\/p><p>BNpro je radio na tehni\u010dkom osmatranju:<\/p><ul style=\"font-size: 16px; background-color: #ffffff;\"><li>Tehni\u010dko osmatranje brane Snije\u017enica sa interpretacijom rezultata, za potrebe Podru\u017enice \u201cElektrodistribucija\u201d Tuzla 2016.-2023.<\/li><li>Tehni\u010dko osmatranje brane \u201cModrac\u201d \u2013 dvije serije osmatranja po godini ljeto\/zima 2014.-2023.<\/li><li>Tehni\u010dko osmatranje brana i akumulacija Vidara i Hazna u Grada\u010dacu 2013. i 2015.<\/li><li>Geodetsko osmatranje klizi\u0161ta Kukovi za potrebe \u201cHidroelektrane na Neretvi\u201d Jablanica<\/li><li>Tehni\u010dki monitoring klizi\u0161ta KUKOVI, izvo\u0111enje geodetskih radova na osmatranju \u201cKukovi\u201d sa izradom elaborata o osmatranju HE Jablanica\u00a0<\/li><li>Geodetsko osmatranje brana HE Jablanica, HE Grabovica i HE Salakovac\u00a0<\/li><li>Kontrola mjerenja nanosa u akumulacionom bazenu HE Jablanica i u\u010de\u0161\u0107e u izradi elaborata<\/li><li>Kontrolo mjerenje nanosa u akumulacionom bazenu HE Salakovac \u2013 snimanje jednosnopnim dubinomjerom EHOSONDER sa izradom elaborata snimanja<\/li><\/ul>\t\t\t\t\t\t\t\t<\/div>\n\t\t\t\t<\/div>\n\t\t\t\t\t<\/div>\n\t\t\t\t<\/div>\n\t\t<div class=\"elementor-element elementor-element-9389535 e-flex e-con-boxed e-con e-parent\" data-id=\"9389535\" data-element_type=\"container\" data-e-type=\"container\">\n\t\t\t\t\t<div class=\"e-con-inner\">\n\t\t\t\t<div class=\"elementor-element elementor-element-fe54f82 elementor-arrows-position-inside elementor-pagination-position-outside elementor-widget elementor-widget-image-carousel\" data-id=\"fe54f82\" data-element_type=\"widget\" data-e-type=\"widget\" data-settings=\"{&quot;image_spacing_custom&quot;:{&quot;unit&quot;:&quot;px&quot;,&quot;size&quot;:10,&quot;sizes&quot;:[]},&quot;navigation&quot;:&quot;both&quot;,&quot;autoplay&quot;:&quot;yes&quot;,&quot;pause_on_hover&quot;:&quot;yes&quot;,&quot;pause_on_interaction&quot;:&quot;yes&quot;,&quot;autoplay_speed&quot;:5000,&quot;infinite&quot;:&quot;yes&quot;,&quot;speed&quot;:500,&quot;image_spacing_custom_tablet&quot;:{&quot;unit&quot;:&quot;px&quot;,&quot;size&quot;:&quot;&quot;,&quot;sizes&quot;:[]},&quot;image_spacing_custom_mobile&quot;:{&quot;unit&quot;:&quot;px&quot;,&quot;size&quot;:&quot;&quot;,&quot;sizes&quot;:[]}}\" data-widget_type=\"image-carousel.default\">\n\t\t\t\t<div class=\"elementor-widget-container\">\n\t\t\t\t\t\t\t<div class=\"elementor-image-carousel-wrapper swiper\" role=\"region\" aria-roledescription=\"carousel\" aria-label=\"Vrtuljak slika\" dir=\"ltr\">\n\t\t\t<div class=\"elementor-image-carousel swiper-wrapper\" aria-live=\"off\">\n\t\t\t\t\t\t\t\t<div class=\"swiper-slide\" role=\"group\" aria-roledescription=\"slide\" aria-label=\"1 of 9\"><figure class=\"swiper-slide-inner\"><img decoding=\"async\" class=\"swiper-slide-image\" src=\"https:\/\/www.bnpro.ba\/wp-content\/uploads\/2023\/12\/n008.jpg\" alt=\"n008\" \/><\/figure><\/div><div class=\"swiper-slide\" role=\"group\" aria-roledescription=\"slide\" aria-label=\"2 of 9\"><figure class=\"swiper-slide-inner\"><img decoding=\"async\" class=\"swiper-slide-image\" src=\"https:\/\/www.bnpro.ba\/wp-content\/uploads\/2023\/12\/n005.jpg\" alt=\"n005\" \/><\/figure><\/div><div class=\"swiper-slide\" role=\"group\" aria-roledescription=\"slide\" aria-label=\"3 of 9\"><figure class=\"swiper-slide-inner\"><img decoding=\"async\" class=\"swiper-slide-image\" src=\"https:\/\/www.bnpro.ba\/wp-content\/uploads\/2023\/12\/n006.jpg\" alt=\"n006\" \/><\/figure><\/div><div class=\"swiper-slide\" role=\"group\" aria-roledescription=\"slide\" aria-label=\"4 of 9\"><figure class=\"swiper-slide-inner\"><img decoding=\"async\" class=\"swiper-slide-image\" src=\"https:\/\/www.bnpro.ba\/wp-content\/uploads\/2023\/12\/n007.jpg\" alt=\"n007\" \/><\/figure><\/div><div class=\"swiper-slide\" role=\"group\" aria-roledescription=\"slide\" aria-label=\"5 of 9\"><figure class=\"swiper-slide-inner\"><img decoding=\"async\" class=\"swiper-slide-image\" src=\"https:\/\/www.bnpro.ba\/wp-content\/uploads\/2023\/12\/n009.jpg\" alt=\"n009\" \/><\/figure><\/div><div class=\"swiper-slide\" role=\"group\" aria-roledescription=\"slide\" aria-label=\"6 of 9\"><figure class=\"swiper-slide-inner\"><img decoding=\"async\" class=\"swiper-slide-image\" src=\"https:\/\/www.bnpro.ba\/wp-content\/uploads\/2023\/12\/n001.jpg\" alt=\"n001\" \/><\/figure><\/div><div class=\"swiper-slide\" role=\"group\" aria-roledescription=\"slide\" aria-label=\"7 of 9\"><figure class=\"swiper-slide-inner\"><img decoding=\"async\" class=\"swiper-slide-image\" src=\"https:\/\/www.bnpro.ba\/wp-content\/uploads\/2023\/12\/n002.jpg\" alt=\"n002\" \/><\/figure><\/div><div class=\"swiper-slide\" role=\"group\" aria-roledescription=\"slide\" aria-label=\"8 of 9\"><figure class=\"swiper-slide-inner\"><img decoding=\"async\" class=\"swiper-slide-image\" src=\"https:\/\/www.bnpro.ba\/wp-content\/uploads\/2023\/12\/n003.jpg\" alt=\"n003\" \/><\/figure><\/div><div class=\"swiper-slide\" role=\"group\" aria-roledescription=\"slide\" aria-label=\"9 of 9\"><figure class=\"swiper-slide-inner\"><img decoding=\"async\" class=\"swiper-slide-image\" src=\"https:\/\/www.bnpro.ba\/wp-content\/uploads\/2023\/12\/n004.jpg\" alt=\"n004\" \/><\/figure><\/div>\t\t\t<\/div>\n\t\t\t\t\t\t\t\t\t\t\t\t<div class=\"elementor-swiper-button elementor-swiper-button-prev\" role=\"button\" tabindex=\"0\">\n\t\t\t\t\t\t<svg aria-hidden=\"true\" class=\"e-font-icon-svg e-eicon-chevron-left\" viewBox=\"0 0 1000 1000\" xmlns=\"http:\/\/www.w3.org\/2000\/svg\"><path d=\"M646 125C629 125 613 133 604 142L308 442C296 454 292 471 292 487 292 504 296 521 308 533L604 854C617 867 629 875 646 875 663 875 679 871 692 858 704 846 713 829 713 812 713 796 708 779 692 767L438 487 692 225C700 217 708 204 708 187 708 171 704 154 692 142 675 129 663 125 646 125Z\"><\/path><\/svg>\t\t\t\t\t<\/div>\n\t\t\t\t\t<div class=\"elementor-swiper-button elementor-swiper-button-next\" role=\"button\" tabindex=\"0\">\n\t\t\t\t\t\t<svg aria-hidden=\"true\" class=\"e-font-icon-svg e-eicon-chevron-right\" viewBox=\"0 0 1000 1000\" xmlns=\"http:\/\/www.w3.org\/2000\/svg\"><path d=\"M696 533C708 521 713 504 713 487 713 471 708 454 696 446L400 146C388 133 375 125 354 125 338 125 325 129 313 142 300 154 292 171 292 187 292 204 296 221 308 233L563 492 304 771C292 783 288 800 288 817 288 833 296 850 308 863 321 871 338 875 354 875 371 875 388 867 400 854L696 533Z\"><\/path><\/svg>\t\t\t\t\t<\/div>\n\t\t\t\t\n\t\t\t\t\t\t\t\t\t<div class=\"swiper-pagination\"><\/div>\n\t\t\t\t\t\t\t\t\t<\/div>\n\t\t\t\t\t\t<\/div>\n\t\t\t\t<\/div>\n\t\t\t\t\t<\/div>\n\t\t\t\t<\/div>\n\t\t\t\t<\/div>\n\t\t","protected":false},"excerpt":{"rendered":"<p>Tehni\u010dko osmatranje objekata (Geodetski monitoring objekata) Monitoring in\u017eenjerskih objekata ima ogroman zna\u010daj za stabilnost i eksploataciju objekta. Veliki in\u017eenjerski objekti, kao \u0161to su: brane, tuneli, mostovi, visoke zgrade, trebali bi se permanentno osmatrati.\u00a0Svrha\u00a0nadgledanja objekta u toku eksploatacije je da se na vrijeme uo\u010de mogu\u0107a\u00a0o\u0161te\u0107enja i opasnosti po rad objekta, kako bi se moglo pravovremeno reagovati.\u00a0Me\u0111utim, [&hellip;]<\/p>\n","protected":false},"author":1,"featured_media":0,"parent":0,"menu_order":0,"comment_status":"closed","ping_status":"closed","template":"","meta":{"footnotes":""},"class_list":["post-949","page","type-page","status-publish","hentry"],"_links":{"self":[{"href":"https:\/\/www.bnpro.ba\/index.php?rest_route=\/wp\/v2\/pages\/949","targetHints":{"allow":["GET"]}}],"collection":[{"href":"https:\/\/www.bnpro.ba\/index.php?rest_route=\/wp\/v2\/pages"}],"about":[{"href":"https:\/\/www.bnpro.ba\/index.php?rest_route=\/wp\/v2\/types\/page"}],"author":[{"embeddable":true,"href":"https:\/\/www.bnpro.ba\/index.php?rest_route=\/wp\/v2\/users\/1"}],"replies":[{"embeddable":true,"href":"https:\/\/www.bnpro.ba\/index.php?rest_route=%2Fwp%2Fv2%2Fcomments&post=949"}],"version-history":[{"count":37,"href":"https:\/\/www.bnpro.ba\/index.php?rest_route=\/wp\/v2\/pages\/949\/revisions"}],"predecessor-version":[{"id":1765,"href":"https:\/\/www.bnpro.ba\/index.php?rest_route=\/wp\/v2\/pages\/949\/revisions\/1765"}],"wp:attachment":[{"href":"https:\/\/www.bnpro.ba\/index.php?rest_route=%2Fwp%2Fv2%2Fmedia&parent=949"}],"curies":[{"name":"wp","href":"https:\/\/api.w.org\/{rel}","templated":true}]}}